{"id":81,"date":"2021-02-01T21:20:09","date_gmt":"2021-02-01T20:20:09","guid":{"rendered":"http:\/\/zspmyszkow3.bipmyszkow.pl\/?page_id=81"},"modified":"2022-11-08T20:10:55","modified_gmt":"2022-11-08T19:10:55","slug":"81-2","status":"publish","type":"page","link":"https:\/\/zspmyszkow3.bipmyszkow.pl\/?page_id=81","title":{"rendered":"Uchwa\u0142y"},"content":{"rendered":"\n<h2 class=\"wp-block-heading\">2021\/2022<\/h2>\n\n\n\n<figure class=\"wp-block-table\"><table><tbody><tr><td><strong>Numer<\/strong><\/td><td><strong>Data wydania<\/strong><\/td><td><strong>Tre\u015b\u0107<\/strong><\/td><\/tr><tr><td>6\/2021\/2022<\/td><td>12.05.2022r.<\/td><td>w sprawie zmian w Statucie<\/td><\/tr><tr><td>5\/2021\/2022<\/td><td>24.03.2022r.<\/td><td>w sprawie zmian w Statucie<\/td><\/tr><tr><td>4\/2021\/2022<\/td><td>9.03.2022r.<\/td><td>w sprawie wyra\u017cenia opinii zamiarze przekszta\u0142cenia szko\u0142y poprzez zmian\u0119 siedziby<\/td><\/tr><tr><td>3\/2021\/2022<\/td><td>13.01.2022r.<\/td><td>w sprawie zatwierdzenia wynik\u00f3w klasyfikacji \u015br\u00f3drocznej<\/td><\/tr><tr><td>2\/2021\/2022<\/td><td>2.12.2021r.<\/td><td>w sprawie opinii powierzenia pe\u0142nienia obowi\u0105zk\u00f3w wicedyrektora.<\/td><\/tr><tr><td>1\/2021\/2022<\/td><td>13.09.2021r.<\/td><td>w sprawie organizacji doskonalenia zawodowego nauczycieli w ZSP Nr 3<\/td><\/tr><\/tbody><\/table><\/figure>\n\n\n\n<h2 class=\"wp-block-heading\">2020\/2021<\/h2>\n\n\n\n<!--more-->\n\n\n\n<figure class=\"wp-block-table\"><table><tbody><tr><td><strong>Numer<\/strong><\/td><td><strong>Data wydania<\/strong><\/td><td><strong>Tre\u015b\u0107<\/strong><\/td><\/tr><tr><td>1\/2020\/21<\/td><td>09.09.20r<\/td><td>w sprawie organizacji doskonalenia zawodowego nauczycieli w ZSP nr 3<\/td><\/tr><tr><td>2\/2020\/21<\/td><td>09.09.20r<\/td><td>w sprawie zatwierdzenia zmian w statucie<\/td><\/tr><tr><td>2\/2020\/21<\/td><td>09.09.20r<\/td><td>w sprawie ujednolicenia tekstu statutu<\/td><\/tr><tr><td>3\/2020\/21<\/td><td>01.12.20r<\/td><td>w sprawie zatwierdzenia zmian w statucie<\/td><\/tr><tr><td>5\/2020\/2021<\/td><td>8.02.2021r.&nbsp;<\/td><td>w sprawie zatwierdzenia wynik\u00f3w klasyfikacji p\u00f3\u0142rocznej.<\/td><\/tr><tr><td>6\/2020\/2021<\/td><td>31.05.2021r.<\/td><td>w sprawie opinii powierzenia obowi\u0105zk\u00f3w dyrektora ZSP Nr3 w Myszkowie.<\/td><\/tr><tr><td>7\/2020\/202<\/td><td>11.06.2021r.<\/td><td>w sprawie wyra\u017cenia pisemnej opinii w zwi\u0105zku z ocen\u0105 pracy dyrektora.<\/td><\/tr><tr><td>8\/2020\/2021<\/td><td>17.06.2021r.<\/td><td>w sprawie wyd\u0142u\u017cenia etapu edukacyjnego.<\/td><\/tr><tr><td>9\/2020\/2021<\/td><td>17.06.2021r.<\/td><td>w sprawie zatwierdzenia wynik\u00f3w klasyfikacji rocznej i promocji uczni\u00f3w ZSP Nr3 w Myszkowie w roku szkolnym 2020\/2021.<\/td><\/tr><tr><td>10\/2020\/2021<\/td><td>26.08.2021r.<\/td><td>w sprawie opinii powierzenia obowi\u0105zk\u00f3w wicedyrektora.<\/td><\/tr><tr><td>11\/2020\/2021<\/td><td>31.08.2021r.<\/td><td>w sprawie zatwierdzenia planu pracy szko\u0142y.<\/td><\/tr><\/tbody><\/table><\/figure>\n\n\n\n<pre class=\"wp-block-preformatted\"><strong>Metryczka<\/strong>\n\u0179r\u00f3d\u0142o informacji:  \nData utworzenia: 2021-02-01 21:20:09\nWprowadzi\u0142 do systemu:  \nData wprowadzenia: 2021-02-01 21:20:09\nOstatnia zmiana: 2022-11-08 20:10:55\nIlo\u015b\u0107 wy\u015bwietle\u0144: 283 views <\/pre>\n<div class=\"revision-history\"><strong>Rejestr Zmian:<\/strong><ul class='revision-list'><li>8 November 2022 at 19:10 by Agnieszka Lamch (<em>obecnie przegl?dasz<\/em>)<\/li><li><a href=\"?revision=345&rest_route=\/wp\/v2\/pages\/81\">8 November 2022 at 19:10<\/a> by Agnieszka Lamch<\/li><li><a href=\"?revision=237&rest_route=\/wp\/v2\/pages\/81\">23 December 2021 at 07:19<\/a> by Agnieszka Lamch<\/li><li><a href=\"?revision=210&rest_route=\/wp\/v2\/pages\/81\">25 August 2021 at 10:40<\/a> by Agnieszka Lamch<\/li><li><a href=\"?revision=167&rest_route=\/wp\/v2\/pages\/81\">21 April 2021 at 05:44<\/a> by Agnieszka Lamch<\/li><li><a href=\"?revision=130&rest_route=\/wp\/v2\/pages\/81\">3 February 2021 at 13:14<\/a> by Agnieszka Lamch<\/li><li><a href=\"?revision=90&rest_route=\/wp\/v2\/pages\/81\">1 February 2021 at 20:28<\/a> by Agnieszka Lamch<\/li><li><a href=\"?revision=88&rest_route=\/wp\/v2\/pages\/81\">1 February 2021 at 20:25<\/a> by Agnieszka Lamch<\/li><li><a href=\"?revision=87&rest_route=\/wp\/v2\/pages\/81\">1 February 2021 at 20:24<\/a> by Agnieszka Lamch<\/li><li><a href=\"?revision=86&rest_route=\/wp\/v2\/pages\/81\">1 February 2021 at 20:22<\/a> by Agnieszka Lamch<\/li><li><a href=\"?revision=85&rest_route=\/wp\/v2\/pages\/81\">1 February 2021 at 20:22<\/a> by Agnieszka Lamch<\/li><li><a href=\"?revision=84&rest_route=\/wp\/v2\/pages\/81\">1 February 2021 at 20:21<\/a> by Agnieszka Lamch<\/li><li><a href=\"?revision=82&rest_route=\/wp\/v2\/pages\/81\">1 February 2021 at 20:20<\/a> by Agnieszka Lamch<\/li><\/ul><\/div>","protected":false},"excerpt":{"rendered":"<p>2021\/2022 Numer Data wydania Tre\u015b\u0107 6\/2021\/2022 12.05.2022r. w sprawie zmian w Statucie 5\/2021\/2022 24.03.2022r. w sprawie zmian w Statucie 4\/2021\/2022 9.03.2022r. w sprawie wyra\u017cenia opinii zamiarze przekszta\u0142cenia szko\u0142y poprzez zmian\u0119 siedziby 3\/2021\/2022 13.01.2022r. w sprawie zatwierdzenia wynik\u00f3w klasyfikacji \u015br\u00f3drocznej 2\/2021\/2022 2.12.2021r. w sprawie opinii powierzenia pe\u0142nienia obowi\u0105zk\u00f3w wicedyrektora. 1\/2021\/2022 13.09.2021r. w sprawie organizacji doskonalenia zawodowego &hellip; <a href=\"https:\/\/zspmyszkow3.bipmyszkow.pl\/?page_id=81\" class=\"more-link\">Continue reading <span class=\"screen-reader-text\">Uchwa\u0142y<\/span><\/a><\/p>\n","protected":false},"author":1,"featured_media":0,"parent":0,"menu_order":0,"comment_status":"closed","ping_status":"closed","template":"","meta":{"footnotes":""},"_links":{"self":[{"href":"https:\/\/zspmyszkow3.bipmyszkow.pl\/index.php?rest_route=\/wp\/v2\/pages\/81"}],"collection":[{"href":"https:\/\/zspmyszkow3.bipmyszkow.pl\/index.php?rest_route=\/wp\/v2\/pages"}],"about":[{"href":"https:\/\/zspmyszkow3.bipmyszkow.pl\/index.php?rest_route=\/wp\/v2\/types\/page"}],"author":[{"embeddable":true,"href":"https:\/\/zspmyszkow3.bipmyszkow.pl\/index.php?rest_route=\/wp\/v2\/users\/1"}],"replies":[{"embeddable":true,"href":"https:\/\/zspmyszkow3.bipmyszkow.pl\/index.php?rest_route=%2Fwp%2Fv2%2Fcomments&post=81"}],"version-history":[{"count":13,"href":"https:\/\/zspmyszkow3.bipmyszkow.pl\/index.php?rest_route=\/wp\/v2\/pages\/81\/revisions"}],"predecessor-version":[{"id":345,"href":"https:\/\/zspmyszkow3.bipmyszkow.pl\/index.php?rest_route=\/wp\/v2\/pages\/81\/revisions\/345"}],"wp:attachment":[{"href":"https:\/\/zspmyszkow3.bipmyszkow.pl\/index.php?rest_route=%2Fwp%2Fv2%2Fmedia&parent=81"}],"curies":[{"name":"wp","href":"https:\/\/api.w.org\/{rel}","templated":true}]}}