{"id":57,"date":"2020-10-18T19:34:39","date_gmt":"2020-10-18T17:34:39","guid":{"rendered":"http:\/\/zspmyszkow3.bipmyszkow.pl\/?page_id=57"},"modified":"2023-03-15T13:21:27","modified_gmt":"2023-03-15T12:21:27","slug":"redaktorzy","status":"publish","type":"page","link":"https:\/\/zspmyszkow3.bipmyszkow.pl\/?page_id=57","title":{"rendered":"Redaktorzy"},"content":{"rendered":"\n<p><strong>Wprowadzaj\u0105cy:<br><\/strong>Ewelina Borowicz, Agnieszka Lamch<br>tel. 34 313 28 56<\/p>\n\n\n\n<p><strong>Zatwierdzaj\u0105cy:<br><\/strong>Eugeniusz Bugaj<br>tel. 34 313 28 56<\/p>\n\n\n\n<pre class=\"wp-block-preformatted\"><strong>Metryczka<\/strong>\n\u0179r\u00f3d\u0142o informacji:  \nData utworzenia: 2020-10-18 19:34:39\nWprowadzi\u0142 do systemu:  \nData wprowadzenia: 2020-10-18 19:34:39\nOstatnia zmiana: 2023-03-15 13:21:27\nIlo\u015b\u0107 wy\u015bwietle\u0144: 172 views<\/pre>\n<div class=\"revision-history\"><strong>Rejestr Zmian:<\/strong><ul class='revision-list'><li>15 March 2023 at 12:21 by Agnieszka Lamch (<em>obecnie przegl?dasz<\/em>)<\/li><li><a href=\"?revision=367&rest_route=\/wp\/v2\/pages\/57\">15 March 2023 at 12:21<\/a> by Agnieszka Lamch<\/li><li><a href=\"?revision=101&rest_route=\/wp\/v2\/pages\/57\">3 February 2021 at 09:07<\/a> by Agnieszka Lamch<\/li><li><a href=\"?revision=98&rest_route=\/wp\/v2\/pages\/57\">3 February 2021 at 09:02<\/a> by Agnieszka Lamch<\/li><li><a href=\"?revision=97&rest_route=\/wp\/v2\/pages\/57\">3 February 2021 at 08:59<\/a> by Agnieszka Lamch<\/li><li><a href=\"?revision=58&rest_route=\/wp\/v2\/pages\/57\">18 October 2020 at 17:34<\/a> by Agnieszka Lamch<\/li><\/ul><\/div>","protected":false},"excerpt":{"rendered":"<p>Wprowadzaj\u0105cy:Ewelina Borowicz, Agnieszka Lamchtel. 34 313 28 56 Zatwierdzaj\u0105cy:Eugeniusz Bugajtel. 34 313 28 56 Metryczka \u0179r\u00f3d\u0142o informacji: Data utworzenia: Wprowadzi\u0142 do systemu: Data wprowadzenia: Ostatnia zmiana: Ilo\u015b\u0107 wy\u015bwietle\u0144: Rejestr Zmian: 15 March 2023 at 12:21 by Agnieszka Lamch (obecnie przegl?dasz) 15 March 2023 at 12:21 by Agnieszka Lamch 3 February 2021 at 09:07 by Agnieszka &hellip; <a href=\"https:\/\/zspmyszkow3.bipmyszkow.pl\/?page_id=57\" class=\"more-link\">Continue reading <span class=\"screen-reader-text\">Redaktorzy<\/span><\/a><\/p>\n","protected":false},"author":1,"featured_media":0,"parent":0,"menu_order":0,"comment_status":"closed","ping_status":"closed","template":"","meta":{"footnotes":""},"_links":{"self":[{"href":"https:\/\/zspmyszkow3.bipmyszkow.pl\/index.php?rest_route=\/wp\/v2\/pages\/57"}],"collection":[{"href":"https:\/\/zspmyszkow3.bipmyszkow.pl\/index.php?rest_route=\/wp\/v2\/pages"}],"about":[{"href":"https:\/\/zspmyszkow3.bipmyszkow.pl\/index.php?rest_route=\/wp\/v2\/types\/page"}],"author":[{"embeddable":true,"href":"https:\/\/zspmyszkow3.bipmyszkow.pl\/index.php?rest_route=\/wp\/v2\/users\/1"}],"replies":[{"embeddable":true,"href":"https:\/\/zspmyszkow3.bipmyszkow.pl\/index.php?rest_route=%2Fwp%2Fv2%2Fcomments&post=57"}],"version-history":[{"count":5,"href":"https:\/\/zspmyszkow3.bipmyszkow.pl\/index.php?rest_route=\/wp\/v2\/pages\/57\/revisions"}],"predecessor-version":[{"id":367,"href":"https:\/\/zspmyszkow3.bipmyszkow.pl\/index.php?rest_route=\/wp\/v2\/pages\/57\/revisions\/367"}],"wp:attachment":[{"href":"https:\/\/zspmyszkow3.bipmyszkow.pl\/index.php?rest_route=%2Fwp%2Fv2%2Fmedia&parent=57"}],"curies":[{"name":"wp","href":"https:\/\/api.w.org\/{rel}","templated":true}]}}