{"id":162,"date":"2021-04-06T14:26:16","date_gmt":"2021-04-06T12:26:16","guid":{"rendered":"http:\/\/zspmyszkow3.bipmyszkow.pl\/?page_id=162"},"modified":"2021-04-06T14:26:16","modified_gmt":"2021-04-06T12:26:16","slug":"epuap-2","status":"publish","type":"page","link":"https:\/\/zspmyszkow3.bipmyszkow.pl\/?page_id=162","title":{"rendered":"ePUAP"},"content":{"rendered":"\n<div class=\"wp-block-image\"><figure class=\"aligncenter size-large\"><a href=\"https:\/\/epuap.gov.pl\"><img loading=\"lazy\" decoding=\"async\" width=\"600\" height=\"120\" src=\"http:\/\/zspmyszkow3.bipmyszkow.pl\/wp-content\/uploads\/2021\/04\/logo-epuap.png\" alt=\"\" class=\"wp-image-163\" srcset=\"https:\/\/zspmyszkow3.bipmyszkow.pl\/wp-content\/uploads\/2021\/04\/logo-epuap.png 600w, https:\/\/zspmyszkow3.bipmyszkow.pl\/wp-content\/uploads\/2021\/04\/logo-epuap-300x60.png 300w\" sizes=\"(max-width: 600px) 100vw, 600px\" \/><\/a><\/figure><\/div>\n\n\n\n<p>Podmioty realizuj\u0105ce zadania publiczne zobowi\u0105zane s\u0105 posiada\u0107 elektroniczn\u0105 skrzynk\u0119 podawcz\u0105.<\/p>\n\n\n\n<p>Elektroniczna skrzynka podawcza pozwala na dor\u0119czanie do instytucji pism podpisanych bezpiecznym podpisem elektronicznym lub Profilem Zaufanym, w spos\u00f3b zapewniaj\u0105cy otrzymanie urz\u0119dowego po\u015bwiadczenia przed\u0142o\u017cenia (UPP). UPP jest dowodem dor\u0119czenia pisma, a widniej\u0105ca na nim data stanowi dat\u0119 dor\u0119czenia.<\/p>\n\n\n\n<p>W celu dostarczenia do\u00a0Zespo\u0142u Szk\u00f3\u0142 Publicznych nr 3 w Myszkowie dokumentu elektronicznego, nale\u017cy zarejestrowa\u0107 si\u0119 na elektronicznej Platformie Us\u0142ug Administracji Publicznej (ePUAP) pod adresem <a rel=\"noreferrer noopener\" href=\"https:\/\/epuap.gov.pl\/wps\/myportal\/strefa-klienta\" data-type=\"URL\" data-id=\"https:\/\/epuap.gov.pl\/wps\/myportal\/strefa-klienta\" target=\"_blank\">epuap.gov.pl<\/a>.<\/p>\n\n\n\n<p>Przy pomocy elektronicznej skrzynki podawczej za\u0142atwi\u0105 Pa\u0144stwo ka\u017cd\u0105 spraw\u0119 nale\u017c\u0105c\u0105 do kompetencji Zespo\u0142u Szk\u00f3\u0142 Publicznych nr 3 w Myszkowie.<\/p>\n\n\n\n<p>Do formularza mo\u017cna dodawa\u0107 za\u0142\u0105czniki o nast\u0119puj\u0105cych rozszerzeniach:&nbsp;<strong>.doc, .docx, .gif, .jpg (.jpeg), .ods, .odt, .pdf, .png, .rtf, .svg, .tif (.tiff), .txt, .xls, .xlsx, .xml.<\/strong><\/p>\n\n\n\n<p>Maksymalny rozmiar dokumentu elektronicznego to 5 megabajt\u00f3w. W ramach us\u0142ugi centralnej \u201ePismo og\u00f3lne\u201d mo\u017cna do\u0142\u0105cza\u0107 pliki do 500 megabajt\u00f3w. Pliki zawieraj\u0105ce szkodliwe oprogramowanie b\u0119d\u0105 automatycznie usuwane.<\/p>\n\n\n\n<p>Po za\u0142o\u017ceniu konta i zalogowaniu si\u0119 na ePUAP, u\u017cytkownik ma dost\u0119p do sporz\u0105dzania pism w formie dokument\u00f3w elektronicznych i dor\u0119czania dokument\u00f3w elektronicznych do Zespo\u0142u Szk\u00f3\u0142 Publicznych nr 3 w Myszkowie:<\/p>\n\n\n\n<h3 class=\"wp-block-heading\">Pismo og\u00f3lne do podmiotu publicznego:<\/h3>\n\n\n\n<ol><li>W celu wys\u0142ania pisma, w ramach us\u0142ugi centralnej, nale\u017cy klikn\u0105\u0107 na link:<br><a rel=\"noreferrer noopener\" href=\"https:\/\/epuap.gov.pl\/wps\/myportal\/strefa-klienta\/katalog-spraw\/sprawy-ogolne\/ogolne-sprawy-urzedowe-2\/pismo-ogolne-do-podmiotu-publicznego-nowe\" target=\"_blank\">https:\/\/epuap.gov.pl\/wps\/myportal\/strefa-klienta\/katalog-spraw\/sprawy-ogolne\/ogolne-sprawy-urzedowe-2\/pismo-ogolne-do-podmiotu-publicznego-nowe<\/a><\/li><li>Nast\u0119pnie klikamy:\u00a0<strong><em>Za\u0142atw spraw\u0119<\/em><\/strong><\/li><li>W polu\u00a0<em><strong>Ustaw \/ zmie\u0144 adresata<\/strong><\/em>\u00a0wpisujemy:\u00a0Zespo\u0142u Szk\u00f3\u0142 Publicznych nr 3 w Myszkowie lub identyfikator:\u00a0<strong>ZSP3Myszkow<\/strong><\/li><li>Poni\u017cej pojawi si\u0119 odnaleziony adresat<em>\u00a0( klikamy na niego myszk\u0105)<\/em><\/li><\/ol>\n\n\n\n<h3 class=\"wp-block-heading\">Udost\u0119pnianie informacji publicznej na wniosek:<\/h3>\n\n\n\n<figure class=\"wp-block-embed\"><div class=\"wp-block-embed__wrapper\">\nhttps:\/\/epuap.gov.pl\/wps\/myportal\/strefa-klienta\/katalog-spraw\/sprawy-ogolne\/ogolne-sprawy-urzedowe-2\/udostepnianie-informacji-publicznej-na-wniosek-5\n<\/div><\/figure>\n\n\n\n<h3 class=\"wp-block-heading\">Duplikaty i odpisy \u015bwiadectw:<\/h3>\n\n\n\n<figure class=\"wp-block-embed\"><div class=\"wp-block-embed__wrapper\">\nhttps:\/\/epuap.gov.pl\/wps\/myportal\/strefa-klienta\/katalog-spraw\/edukacja\/najczesciej-zalatwiane-sprawy\/duplikaty-i-odpisy-swiadectw\n<\/div><\/figure>\n\n\n\n<p>Odno\u015bnie spraw za\u0142atwianych w trybie post\u0119powania administracyjnego konieczne jest podanie imienia, nazwiska, adresu oraz z\u0142o\u017cenie podpisu osoby wnosz\u0105cej pismo.<\/p>\n\n\n\n<p>Elektroniczna skrzynka podawcza obs\u0142uguje, zar\u00f3wno bezpieczny kwalifikowany podpis elektroniczny, jak i jego darmowy odpowiednik, czyli profil zaufany ePUAP. Profil zaufany ePUAP mo\u017ce za\u0142o\u017cy\u0107 ka\u017cda pe\u0142noletnia osoba na platformie epuap.gov.pl.<\/p>\n\n\n\n<p>Po z\u0142o\u017ceniu elektronicznego wniosku w systemie ePUAP profil zaufany mo\u017cna potwierdzi\u0107 w ci\u0105gu 14 dni w wybranych urz\u0119dach i instytucjach. Pe\u0142na lista \u201epunkt\u00f3w potwierdzaj\u0105cych\u201d udost\u0119pniona jest na stronie: Strona g\u0142\u00f3wna ePUAP \u00bb POTWIERD\u0179 PROFIL ZAUFANY \u00bb Znajd\u017a punkt potwierdzaj\u0105cy.<\/p>\n\n\n\n<p>Wybrane przepisy Kodeksu post\u0119powania administracyjnego dotycz\u0105ce dokument\u00f3w elektronicznych: Art. 14, Art. 39(1), Art. 63, Art. 46, Art. 217 \u00a7 4.<\/p>\n<div class=\"revision-history\"><strong>Rejestr Zmian:<\/strong><ul class='revision-list'><li>6 April 2021 at 12:26 by Agnieszka Lamch (<em>obecnie przegl?dasz<\/em>)<\/li><li><a href=\"?revision=164&rest_route=\/wp\/v2\/pages\/162\">6 April 2021 at 12:26<\/a> by Agnieszka Lamch<\/li><\/ul><\/div>","protected":false},"excerpt":{"rendered":"<p>Podmioty realizuj\u0105ce zadania publiczne zobowi\u0105zane s\u0105 posiada\u0107 elektroniczn\u0105 skrzynk\u0119 podawcz\u0105. Elektroniczna skrzynka podawcza pozwala na dor\u0119czanie do instytucji pism podpisanych bezpiecznym podpisem elektronicznym lub Profilem Zaufanym, w spos\u00f3b zapewniaj\u0105cy otrzymanie urz\u0119dowego po\u015bwiadczenia przed\u0142o\u017cenia (UPP). UPP jest dowodem dor\u0119czenia pisma, a widniej\u0105ca na nim data stanowi dat\u0119 dor\u0119czenia. W celu dostarczenia do\u00a0Zespo\u0142u Szk\u00f3\u0142 Publicznych nr 3 &hellip; <a href=\"https:\/\/zspmyszkow3.bipmyszkow.pl\/?page_id=162\" class=\"more-link\">Continue reading <span class=\"screen-reader-text\">ePUAP<\/span><\/a><\/p>\n","protected":false},"author":1,"featured_media":0,"parent":0,"menu_order":0,"comment_status":"closed","ping_status":"closed","template":"","meta":{"footnotes":""},"_links":{"self":[{"href":"https:\/\/zspmyszkow3.bipmyszkow.pl\/index.php?rest_route=\/wp\/v2\/pages\/162"}],"collection":[{"href":"https:\/\/zspmyszkow3.bipmyszkow.pl\/index.php?rest_route=\/wp\/v2\/pages"}],"about":[{"href":"https:\/\/zspmyszkow3.bipmyszkow.pl\/index.php?rest_route=\/wp\/v2\/types\/page"}],"author":[{"embeddable":true,"href":"https:\/\/zspmyszkow3.bipmyszkow.pl\/index.php?rest_route=\/wp\/v2\/users\/1"}],"replies":[{"embeddable":true,"href":"https:\/\/zspmyszkow3.bipmyszkow.pl\/index.php?rest_route=%2Fwp%2Fv2%2Fcomments&post=162"}],"version-history":[{"count":1,"href":"https:\/\/zspmyszkow3.bipmyszkow.pl\/index.php?rest_route=\/wp\/v2\/pages\/162\/revisions"}],"predecessor-version":[{"id":164,"href":"https:\/\/zspmyszkow3.bipmyszkow.pl\/index.php?rest_route=\/wp\/v2\/pages\/162\/revisions\/164"}],"wp:attachment":[{"href":"https:\/\/zspmyszkow3.bipmyszkow.pl\/index.php?rest_route=%2Fwp%2Fv2%2Fmedia&parent=162"}],"curies":[{"name":"wp","href":"https:\/\/api.w.org\/{rel}","templated":true}]}}