{"id":153,"date":"2021-03-31T10:48:26","date_gmt":"2021-03-31T08:48:26","guid":{"rendered":"http:\/\/zspmyszkow3.bipmyszkow.pl\/?page_id=153"},"modified":"2025-03-24T14:18:02","modified_gmt":"2025-03-24T13:18:02","slug":"stan-zapewnienia-dostepnosci-podmiotu-publicznego","status":"publish","type":"page","link":"https:\/\/zspmyszkow3.bipmyszkow.pl\/?page_id=153","title":{"rendered":"Stan zapewnienia dost\u0119pno\u015bci podmiotu publicznego"},"content":{"rendered":"\n<div data-wp-interactive=\"\" class=\"wp-block-file\"><object data-wp-bind--hidden=\"!selectors.core.file.hasPdfPreview\" hidden class=\"wp-block-file__embed\" data=\"https:\/\/zspmyszkow3.bipmyszkow.pl\/wp-content\/uploads\/2025\/03\/Raport-o-stanie-zapewniania-dostepnosci-podmiotu-publicznego.pdf\" type=\"application\/pdf\" style=\"width:100%;height:600px\" aria-label=\"Osadzone z Raport-o-stanie-zapewniania-dostepnosci-podmiotu-publicznego.\"><\/object><a id=\"wp-block-file--media-2ee95d94-d134-4fa0-88fb-2871b2479260\" href=\"https:\/\/zspmyszkow3.bipmyszkow.pl\/wp-content\/uploads\/2025\/03\/Raport-o-stanie-zapewniania-dostepnosci-podmiotu-publicznego.pdf\">Raport-o-stanie-zapewniania-dostepnosci-podmiotu-publicznego<\/a><a href=\"https:\/\/zspmyszkow3.bipmyszkow.pl\/wp-content\/uploads\/2025\/03\/Raport-o-stanie-zapewniania-dostepnosci-podmiotu-publicznego.pdf\" class=\"wp-block-file__button wp-element-button\" download aria-describedby=\"wp-block-file--media-2ee95d94-d134-4fa0-88fb-2871b2479260\">Pobierz<\/a><\/div>\n\n\n\n<pre class=\"wp-block-preformatted\"><strong>Metryczka<\/strong>\n\u0179r\u00f3d\u0142o informacji:  \nData utworzenia: 2021-03-31 10:48:26\nWprowadzi\u0142 do systemu:  \nData wprowadzenia: 2021-03-31 10:48:26\nOstatnia zmiana: 2025-03-24 14:18:02\nIlo\u015b\u0107 wy\u015bwietle\u0144: 255 views <\/pre>\n<div class=\"revision-history\"><strong>Rejestr Zmian:<\/strong><ul class='revision-list'><li>24 March 2025 at 13:18 by Agnieszka Lamch (<em>obecnie przegl?dasz<\/em>)<\/li><li><a href=\"?revision=615&rest_route=\/wp\/v2\/pages\/153\">24 March 2025 at 13:18<\/a> by Eugeniusz Bugaj<\/li><li><a href=\"?revision=609&rest_route=\/wp\/v2\/pages\/153\">5 March 2025 at 09:15<\/a> by Eugeniusz Bugaj<\/li><li><a href=\"?revision=160&rest_route=\/wp\/v2\/pages\/153\">2 April 2021 at 09:03<\/a> by Agnieszka Lamch<\/li><li><a href=\"?revision=155&rest_route=\/wp\/v2\/pages\/153\">2 April 2021 at 08:49<\/a> by Agnieszka Lamch<\/li><li><a href=\"?revision=154&rest_route=\/wp\/v2\/pages\/153\">2 April 2021 at 08:48<\/a> by Agnieszka Lamch<\/li><\/ul><\/div>","protected":false},"excerpt":{"rendered":"<p>Metryczka \u0179r\u00f3d\u0142o informacji: Data utworzenia: Wprowadzi\u0142 do systemu: Data wprowadzenia: Ostatnia zmiana: Ilo\u015b\u0107 wy\u015bwietle\u0144: Rejestr Zmian: 24 March 2025 at 13:18 by Agnieszka Lamch (obecnie przegl?dasz) 24 March 2025 at 13:18 by Eugeniusz Bugaj 5 March 2025 at 09:15 by Eugeniusz Bugaj 2 April 2021 at 09:03 by Agnieszka Lamch 2 April 2021 at 08:49 &hellip; <a href=\"https:\/\/zspmyszkow3.bipmyszkow.pl\/?page_id=153\" class=\"more-link\">Continue reading <span class=\"screen-reader-text\">Stan zapewnienia dost\u0119pno\u015bci podmiotu publicznego<\/span><\/a><\/p>\n","protected":false},"author":1,"featured_media":0,"parent":0,"menu_order":0,"comment_status":"closed","ping_status":"closed","template":"","meta":{"footnotes":""},"_links":{"self":[{"href":"https:\/\/zspmyszkow3.bipmyszkow.pl\/index.php?rest_route=\/wp\/v2\/pages\/153"}],"collection":[{"href":"https:\/\/zspmyszkow3.bipmyszkow.pl\/index.php?rest_route=\/wp\/v2\/pages"}],"about":[{"href":"https:\/\/zspmyszkow3.bipmyszkow.pl\/index.php?rest_route=\/wp\/v2\/types\/page"}],"author":[{"embeddable":true,"href":"https:\/\/zspmyszkow3.bipmyszkow.pl\/index.php?rest_route=\/wp\/v2\/users\/1"}],"replies":[{"embeddable":true,"href":"https:\/\/zspmyszkow3.bipmyszkow.pl\/index.php?rest_route=%2Fwp%2Fv2%2Fcomments&post=153"}],"version-history":[{"count":5,"href":"https:\/\/zspmyszkow3.bipmyszkow.pl\/index.php?rest_route=\/wp\/v2\/pages\/153\/revisions"}],"predecessor-version":[{"id":615,"href":"https:\/\/zspmyszkow3.bipmyszkow.pl\/index.php?rest_route=\/wp\/v2\/pages\/153\/revisions\/615"}],"wp:attachment":[{"href":"https:\/\/zspmyszkow3.bipmyszkow.pl\/index.php?rest_route=%2Fwp%2Fv2%2Fmedia&parent=153"}],"curies":[{"name":"wp","href":"https:\/\/api.w.org\/{rel}","templated":true}]}}