{"id":131,"date":"2021-02-03T18:01:32","date_gmt":"2021-02-03T17:01:32","guid":{"rendered":"http:\/\/zspmyszkow3.bipmyszkow.pl\/?page_id=131"},"modified":"2023-08-31T16:59:45","modified_gmt":"2023-08-31T14:59:45","slug":"zarzadzenia","status":"publish","type":"page","link":"https:\/\/zspmyszkow3.bipmyszkow.pl\/?page_id=131","title":{"rendered":"Zarz\u0105dzenia"},"content":{"rendered":"\n<h2 class=\"wp-block-heading\">2021\/2022<\/h2>\n\n\n\n<figure class=\"wp-block-table\"><table><tbody><tr><td><\/td><td><\/td><td><\/td><\/tr><tr><td>16\/2022\/2023<\/td><td>31.08.2023r.<\/td><td>w sprawie: ustalenia stawki \u017cywieniowej w sto\u0142\u00f3wce szkolnej.<\/td><\/tr><tr><td>15\/2022\/2023<\/td><td>3.07.2023r.<\/td><td>w sprawie zmiany w Regulaminie udzielania zam\u00f3wie\u0144 publicznych o warto\u015bci nieprzekraczaj\u0105cej kwoty 130 000 z\u0142otych w Szkole podstawowej z Oddzia\u0142ami Integracyjnymi Nr3<br><br>im.&nbsp; Tadeusza Ko\u015bciuszki w Myszkowie.<\/td><\/tr><tr><td>14\/2022\/2023<\/td><td>3.07.2023r.<\/td><td>w sprawie zmiany Regulaminu wynagrodzenia pracownik\u00f3w samorz\u0105dowych zatrudnionych w Szkole Podstawowej z Oddzia\u0142ami Integracyjnymi Nr3 im. Tadeusza Ko\u015bciuszki w Myszkowie.<br><br>Zarz\u0105dzenie obowi\u0105zuje od 01.07.2023r.<\/td><\/tr><tr><td>3\/2022\/2023<\/td><td>5.10.2022r.&nbsp;<\/td><td>w sprawie powo\u0142ania Komisji do przeprowadzenia Wojew\u00f3dzkich Konkurs\u00f3w Przedmiotowych &#8211; etap szkolny.<\/td><\/tr><tr><td>2\/2022\/2023<\/td><td>5.10.2022r.<\/td><td>w sprawie zobowi\u0105zania wszystkich nauczycieli z wy\u0142\u0105czeniem nauczycieli wychowania&nbsp;fizycznego, plastyki, muzyki, techniki oraz kl. I-III do realizacji Uchwa\u0142y Rady&nbsp;Pedagogicznej dotycz\u0105cej oceniania wg. przyj\u0119tych kryteri\u00f3w w \u015bredniej wa\u017conej. Zarz\u0105dzenie obowi\u0105zuje od 1.09.2022r. do odwo\u0142ania<\/td><\/tr><tr><td>1\/2022\/2023<\/td><td>5.10.2022r.&nbsp;<\/td><td>w sprawie prowadzenia dziennik\u00f3w zaj\u0119\u0107 dodatkowych<\/td><\/tr><tr><td>20\/<meta charset=\"utf-8\">2021\/2022<\/td><td>31.08.2022r.<\/td><td>w sprawie ustalenia stawki \u017cywieniowej w sto\u0142\u00f3wce szkolnej<\/td><\/tr><tr><td>19\/<meta charset=\"utf-8\">2021\/2022<\/td><td>17.08.2022r.<\/td><td>w sprawie zmiany cz\u0142onka komisji kwalifikacyjnej dla nauczyciela ubiegaj\u0105cego si\u0119 o&nbsp;awans na stopie\u0144 nauczyciela kontraktowego<\/td><\/tr><tr><td>18\/<meta charset=\"utf-8\">2021\/2022<\/td><td>30.06.2022r.<\/td><td>w sprawie powo\u0142ania komisji kwalifikacyjnej dla nauczycieli ubiegaj\u0105cych si\u0119 o awans na stopie\u0144 nauczyciela kontraktowego<\/td><\/tr><tr><td>17\/<meta charset=\"utf-8\">2021\/2022<\/td><td>27.06.2022r.<\/td><td>w sprawie&nbsp;godzin pracy pracownik\u00f3w administracji i obs\u0142ugi<\/td><\/tr><tr><td>16\/2021\/2022<\/td><td>24.06.2022r.<\/td><td>w sprawie godzin pracy pracownik\u00f3w administracji i obs\u0142ugi<\/td><\/tr><tr><td>15\/2021\/2022<\/td><td>17.05.2022r.<\/td><td>w sprawie wprowadzenia drugiego stopnia alarmowego (stopie\u0144 BRAVO)<\/td><\/tr><tr><td>14\/2021\/2022<\/td><td>3.03.2022r.<\/td><td>w sprawie zmiany&nbsp; cz\u0142onka powo\u0142anych komisji Regionalnych Jurajskich Konkurs\u00f3w.<\/td><\/tr><tr><td>13\/2021\/2022<\/td><td>2.03.2022r.<\/td><td>w sprawie powo\u0142ania komisji Wojew\u00f3dzkich Konkurs\u00f3w Przedmiotowych.<\/td><\/tr><tr><td>12\/2021\/2022<\/td><td>27.01.2022r.<\/td><td>w sprawie realizacji nauczania zdalnego w dniach 27.01.2022r. do 11.02.2022r.<\/td><\/tr><tr><td>11\/2021\/2022<\/td><td>24.01.2022r.<\/td><td>w sprawie realizacji nauczania zdalnego w dniach 25.01.2022r. do 11.02.2022r.<\/td><\/tr><tr><td>10\/2021\/2022<\/td><td>17.01.2022r.<\/td><td>w sprawie zmian w szkolnym Regulaminie placu zabaw.<\/td><\/tr><tr><td>9\/2021\/2022<\/td><td>14.01.2022r<\/td><td>w sprawie zmiany w Regulaminie Wynagradzania Pracownik\u00f3w Niepedagogicznych zatrudnionych w Zespole Szk\u00f3\u0142 Publicznych nr 3 w Myszkowie.<\/td><\/tr><tr><td>8\/2021\/2022<\/td><td>15.12.2021r.<\/td><td>w sprawie realizacji nauczania zdalnego w dn. 20.12.2021r.- 9.01.20022r.<\/td><\/tr><tr><td>7\/2021\/2022<\/td><td>15.11.2021r.<\/td><td>w sprawie zmiany cz\u0142onka powo\u0142anych Komisji- etap II<\/td><\/tr><tr><td>6\/2021\/2022<\/td><td>2.11.2021r.<\/td><td>w sprawie powo\u0142ania Komisji Wojew\u00f3dzkich Konkurs\u00f3w Przedmiotowych- etap II<\/td><\/tr><tr><td>5\/2021\/2022<\/td><td>21.09.2021r.<\/td><td>w sprawie powo\u0142ania Komisji Wojew\u00f3dzkich Konkurs\u00f3w Przedmiotowych- etap I<\/td><\/tr><tr><td>4\/2021\/2022<\/td><td>13.09.2021r.<\/td><td>w sprawie wprowadzenia procedury niszczenia dokumentacji szkolnej.<\/td><\/tr><tr><td>3\/2021\/2022<\/td><td>1.09.2021r.<\/td><td>w sprawie ustalenia stawki \u017cywieniowej w sto\u0142\u00f3wce szkolnej.<\/td><\/tr><tr><td>2\/2021\/2022<\/td><td>1.09.2021r.<\/td><td>w sprawie wprowadzaj\u0105ce regulamin korzystania z dziennika elektronicznego.<\/td><\/tr><tr><td>1\/2021\/2022<\/td><td>1.09.2021r.<\/td><td>w sprawie wprowadzenia do u\u017cytku szkolnego Regulaminu Udzielania Zam\u00f3wie\u0144 publicznych o warto\u015bci nieprzekraczaj\u0105cej kwoty 130 000 z\u0142.<\/td><\/tr><\/tbody><\/table><\/figure>\n\n\n\n<h2 class=\"wp-block-heading\">2020\/2021<\/h2>\n\n\n\n<figure class=\"wp-block-table is-style-stripes\"><table><thead><tr><th>Numer<\/th><th>Data wydania<\/th><th>Tre\u015b\u0107<\/th><\/tr><\/thead><tbody><tr><td>1\/2020\/21<\/td><td>01.09.20r<\/td><td>w sprawie zasad korzystania ze sto\u0142\u00f3wki szkolnej<\/td><\/tr><tr><td>2\/2020\/21<\/td><td>04.09.20r<\/td><td>w sprawie organizacji pracy szko\u0142y<\/td><\/tr><tr><td>3\/2020\/21<\/td><td>23.09.20r<\/td><td>w sprawie organizacji pracy szko\u0142y&nbsp;<\/td><\/tr><tr><td>4\/2020\/21<\/td><td>08.10.20r<\/td><td>w sprawie organizacji pracy szko\u0142y w czasie zdalnego nauczania<\/td><\/tr><tr><td>5\/2020\/21<\/td><td>23.10.20r<\/td><td>w sprawie czasowego ograniczenia funkcjonowania&nbsp; jednostek systemu o\u015bwiaty w zwi\u0105zku zapobieganie, przeciwdzia\u0142aniem i zwalczaniem COVID-19<\/td><\/tr><tr><td>6\/2020\/21<\/td><td>23.10.20r<\/td><td>w sprawie powo\u0142ania komisji I etapu Wojew\u00f3dzkich Konkurs\u00f3w Przedmiotowych<\/td><\/tr><tr><td>7\/2020\/21<\/td><td>05.11.20r<\/td><td>w sprawie zdalnego nauczania kl. I-III w zwi\u0105zku z&nbsp; czasowym ograniczeniem funkcjonowania jednostek systemu o\u015bwiaty w zwi\u0105zku zapobieganiem, przeciwdzia\u0142aniem i zwalczaniem COVID-19<\/td><\/tr><tr><td>8\/2020\/21<\/td><td>13.01.21r<\/td><td>w sprawie zmian w regulaminie wynagradzania&nbsp; pracownik\u00f3w niepedagogicznych<\/td><\/tr><tr><td>9\/2020\/21<br><\/td><td>10.02.21r<br><\/td><td>w sprawie powo\u0142ania komisji III etapu Wojew\u00f3dzkich Konkurs\u00f3w Przedmiotowych oraz zarz\u0105dzenie Dyrektora Zespo\u0142u Szk\u00f3\u0142 Publicznych Nr 3 w Myszkowie<\/td><\/tr><tr><td>10\/2020\/21<\/td><td>10.02.21r<\/td><td>w sprawie powo\u0142ania komisji rekrutacyjnej uczni\u00f3w do klasy I szko\u0142y podstawowej zamieszka\u0142ych poza obwodem szko\u0142y.<\/td><\/tr><tr><td>11\/2020\/2021<\/td><td>19 lutego 2021r.<\/td><td> w sprawie wprowadzenia Regulaminu funkcjonowania, obs\u0142ugi i eksploatacji monitoringu wizyjnego na terenie Zespo\u0142u Szk\u00f3\u0142 Publicznych nr 3 w Myszkowie.<\/td><\/tr><tr><td>12\/2020\/2021<\/td><td>19 lutego 2021r.<\/td><td>w sprawie wprowadzenia Polityki ochrony danych osobowych Zespo\u0142u Szk\u00f3\u0142 Publicznych nr 3 w Myszkowie oraz Instrukcji zarz\u0105dzania systemem informatycznym s\u0142u\u017c\u0105cym do przetwarzania danych osobowych w Zespole Szk\u00f3\u0142 Publicznych nr 3 w Myszkowie.<\/td><\/tr><tr><td>13\/2020\/2021<\/td><td>22.03.2021r.<\/td><td>w sprawie organizacji pracy szko\u0142y w czasie zdalnego nauczania w okresie czasowego ograniczenia funkcjonowania plac\u00f3wek o\u015bwiatowych wynikaj\u0105cych z epidemii COVID-19.<\/td><\/tr><tr><td>14\/2020\/2021<\/td><td>22.03.2021r.<\/td><td>w sprawie organizacji pracy szko\u0142y w okresie czasowego ograniczenia funkcjonowania plac\u00f3wek o\u015bwiatowych wynikaj\u0105cych z epidemii COVID-19.<\/td><\/tr><tr><td>15\/2020\/2021<\/td><td>12.04.2021r.<\/td><td>w sprawie przeprowadzenia egzamin\u00f3w klasyfikacyjnych<br><br>uczennicy klasy VII d Anny Wolskiej i klasy VI c Marty Wolskiej.<\/td><\/tr><tr><td>16\/2020\/2021<\/td><td>12.04.2021r.<\/td><td>w sprawie organizacji pracy szko\u0142y w czasie zdalnego nauczania w okresie czasowego ograniczenia funkcjonowania plac\u00f3wek o\u015bwiatowych wynikaj\u0105cych z epidemii COVID-19.<\/td><\/tr><tr><td>17\/2020\/2021<\/td><td>30.04.2021r.<\/td><td>w sprawie organizacji pracy szko\u0142y w czasie zdalnego nauczania w okresie czasowego ograniczenia funkcjonowania plac\u00f3wek o\u015bwiatowych wynikaj\u0105cych z epidemii COVID-19.<\/td><\/tr><tr><td>18\/2020\/2021 <br><br><\/td><td>31.05.2021r.<\/td><td>Na podstawie rozporz\u0105dzenia zmieniaj\u0105cego rozporz\u0105dzenie w sprawie szczeg\u00f3lnych rozwi\u0105za\u0144 w okresie czasowego ograniczenia funkcjonowania jednostek systemu o\u015bwiaty w zwi\u0105zku z zapobieganiem, przeciwdzia\u0142aniem i zwalczaniem COVID-19.<\/td><\/tr><tr><td>19\/2020\/2021<\/td><td>11.06.2021r.<\/td><td>w sprawie powo\u0142ania komisji kwalifikacyjnej dla nauczycieli ubiegaj\u0105cych si\u0119 o awans na stopie\u0144 nauczyciela kontraktowego.<\/td><\/tr><tr><td>20\/2020\/2021<\/td><td>30.06.2021r.<\/td><td>w sprawie godzin pracy pracownik\u00f3w administracji i obs\u0142ugi Zespo\u0142u Szk\u00f3\u0142 Publicznych nr 3 w Myszkowie.<\/td><\/tr><tr><td>21\/2020\/2021<\/td><td>8.07.2021r.<\/td><td>w sprawie godzin pracy pracownik\u00f3w administracji i obs\u0142ugi Zespo\u0142u Szk\u00f3\u0142 Publicznych nr 3 w Myszkowie.<\/td><\/tr><\/tbody><\/table><\/figure>\n\n\n\n<pre class=\"wp-block-preformatted\"><strong>Metryczka<\/strong>\n\u0179r\u00f3d\u0142o informacji: Justyna Dorobisz\nData utworzenia: 2021-02-03 18:01:32\nWprowadzi\u0142 do systemu: Justyna Dorobisz\nData wprowadzenia: 2021-02-03 18:01:32\nOstatnia zmiana: 2023-08-31 16:59:45\nIlo\u015b\u0107 wy\u015bwietle\u0144: 323 views <\/pre>\n<div class=\"revision-history\"><strong>Rejestr Zmian:<\/strong><ul class='revision-list'><li>31 August 2023 at 14:59 by Agnieszka Lamch (<em>obecnie przegl?dasz<\/em>)<\/li><li><a href=\"?revision=459&rest_route=\/wp\/v2\/pages\/131\">31 August 2023 at 14:59<\/a> by Eugeniusz Bugaj<\/li><li><a href=\"?revision=441&rest_route=\/wp\/v2\/pages\/131\">14 July 2023 at 07:35<\/a> by Eugeniusz Bugaj<\/li><li><a href=\"?revision=440&rest_route=\/wp\/v2\/pages\/131\">14 July 2023 at 07:35<\/a> by Eugeniusz Bugaj<\/li><li><a href=\"?revision=347&rest_route=\/wp\/v2\/pages\/131\">8 November 2022 at 19:17<\/a> by Agnieszka Lamch<\/li><li><a href=\"?revision=292&rest_route=\/wp\/v2\/pages\/131\">7 March 2022 at 10:27<\/a> by Agnieszka Lamch<\/li><li><a href=\"?revision=242&rest_route=\/wp\/v2\/pages\/131\">29 January 2022 at 15:57<\/a> by Agnieszka Lamch<\/li><li><a href=\"?revision=239&rest_route=\/wp\/v2\/pages\/131\">23 December 2021 at 07:35<\/a> by Agnieszka Lamch<\/li><li><a href=\"?revision=212&rest_route=\/wp\/v2\/pages\/131\">25 August 2021 at 10:42<\/a> by Agnieszka Lamch<\/li><li><a href=\"?revision=204&rest_route=\/wp\/v2\/pages\/131\">28 June 2021 at 19:18<\/a> by Agnieszka Lamch<\/li><li><a href=\"?revision=189&rest_route=\/wp\/v2\/pages\/131\">6 May 2021 at 07:53<\/a> by Agnieszka Lamch<\/li><li><a href=\"?revision=169&rest_route=\/wp\/v2\/pages\/131\">21 April 2021 at 05:47<\/a> by Agnieszka Lamch<\/li><li><a href=\"?revision=149&rest_route=\/wp\/v2\/pages\/131\">12 February 2021 at 11:27<\/a> by Agnieszka Lamch<\/li><li><a href=\"?revision=134&rest_route=\/wp\/v2\/pages\/131\">3 February 2021 at 17:03<\/a> by Agnieszka Lamch<\/li><li><a href=\"?revision=132&rest_route=\/wp\/v2\/pages\/131\">3 February 2021 at 17:01<\/a> by Agnieszka Lamch<\/li><\/ul><\/div>","protected":false},"excerpt":{"rendered":"<p>2021\/2022 16\/2022\/2023 31.08.2023r. w sprawie: ustalenia stawki \u017cywieniowej w sto\u0142\u00f3wce szkolnej. 15\/2022\/2023 3.07.2023r. w sprawie zmiany w Regulaminie udzielania zam\u00f3wie\u0144 publicznych o warto\u015bci nieprzekraczaj\u0105cej kwoty 130 000 z\u0142otych w Szkole podstawowej z Oddzia\u0142ami Integracyjnymi Nr3 im.&nbsp; Tadeusza Ko\u015bciuszki w Myszkowie. 14\/2022\/2023 3.07.2023r. w sprawie zmiany Regulaminu wynagrodzenia pracownik\u00f3w samorz\u0105dowych zatrudnionych w Szkole Podstawowej z Oddzia\u0142ami &hellip; <a href=\"https:\/\/zspmyszkow3.bipmyszkow.pl\/?page_id=131\" class=\"more-link\">Continue reading <span class=\"screen-reader-text\">Zarz\u0105dzenia<\/span><\/a><\/p>\n","protected":false},"author":1,"featured_media":0,"parent":0,"menu_order":0,"comment_status":"closed","ping_status":"closed","template":"","meta":{"footnotes":""},"_links":{"self":[{"href":"https:\/\/zspmyszkow3.bipmyszkow.pl\/index.php?rest_route=\/wp\/v2\/pages\/131"}],"collection":[{"href":"https:\/\/zspmyszkow3.bipmyszkow.pl\/index.php?rest_route=\/wp\/v2\/pages"}],"about":[{"href":"https:\/\/zspmyszkow3.bipmyszkow.pl\/index.php?rest_route=\/wp\/v2\/types\/page"}],"author":[{"embeddable":true,"href":"https:\/\/zspmyszkow3.bipmyszkow.pl\/index.php?rest_route=\/wp\/v2\/users\/1"}],"replies":[{"embeddable":true,"href":"https:\/\/zspmyszkow3.bipmyszkow.pl\/index.php?rest_route=%2Fwp%2Fv2%2Fcomments&post=131"}],"version-history":[{"count":14,"href":"https:\/\/zspmyszkow3.bipmyszkow.pl\/index.php?rest_route=\/wp\/v2\/pages\/131\/revisions"}],"predecessor-version":[{"id":459,"href":"https:\/\/zspmyszkow3.bipmyszkow.pl\/index.php?rest_route=\/wp\/v2\/pages\/131\/revisions\/459"}],"wp:attachment":[{"href":"https:\/\/zspmyszkow3.bipmyszkow.pl\/index.php?rest_route=%2Fwp%2Fv2%2Fmedia&parent=131"}],"curies":[{"name":"wp","href":"https:\/\/api.w.org\/{rel}","templated":true}]}}