{"id":124,"date":"2021-02-03T14:06:18","date_gmt":"2021-02-03T13:06:18","guid":{"rendered":"http:\/\/zspmyszkow3.bipmyszkow.pl\/?page_id=124"},"modified":"2022-11-08T20:07:07","modified_gmt":"2022-11-08T19:07:07","slug":"dyrekcja","status":"publish","type":"page","link":"https:\/\/zspmyszkow3.bipmyszkow.pl\/?page_id=124","title":{"rendered":"Dyrekcja"},"content":{"rendered":"\n<p><strong>Dyrektor:<\/strong><br>Eugeniusz Bugaj<br>tel.: 34 313 28 56<br>e-mail: eugeniusz.bugaj@gmail.com<\/p>\n\n\n\n<p><strong>Zast\u0119pca dyrektora<br><\/strong>Iwona Kruz<br>tel. 34 313 28 56<br>e-mail: sp3myszkow.ikruz@gmail.com<\/p>\n\n\n\n<p><strong>Zast\u0119pca dyrektora<\/strong><br>Katarzyna Maro\u0144<br>tel. 34 313 28 56<br>e-mail: sp3myszkow.kmaron@gmail.com<strong><br><\/strong><\/p>\n\n\n\n<pre class=\"wp-block-preformatted\"><strong>Metryczka<\/strong>\n\u0179r\u00f3d\u0142o informacji:  \nData utworzenia: 2021-02-03 14:06:18\nWprowadzi\u0142 do systemu:  \nData wprowadzenia: 2021-02-03 14:06:18\nOstatnia zmiana: 2022-11-08 20:07:07\nIlo\u015b\u0107 wy\u015bwietle\u0144: 247 views <\/pre>\n<div class=\"revision-history\"><strong>Rejestr Zmian:<\/strong><ul class='revision-list'><li>8 November 2022 at 19:07 by Agnieszka Lamch (<em>obecnie przegl?dasz<\/em>)<\/li><li><a href=\"?revision=343&rest_route=\/wp\/v2\/pages\/124\">8 November 2022 at 19:07<\/a> by Agnieszka Lamch<\/li><li><a href=\"?revision=146&rest_route=\/wp\/v2\/pages\/124\">5 February 2021 at 07:26<\/a> by Agnieszka Lamch<\/li><li><a href=\"?revision=144&rest_route=\/wp\/v2\/pages\/124\">3 February 2021 at 19:07<\/a> by Agnieszka Lamch<\/li><li><a href=\"?revision=126&rest_route=\/wp\/v2\/pages\/124\">3 February 2021 at 13:06<\/a> by Agnieszka Lamch<\/li><li><a href=\"?revision=125&rest_route=\/wp\/v2\/pages\/124\">3 February 2021 at 13:06<\/a> by Agnieszka Lamch<\/li><\/ul><\/div>","protected":false},"excerpt":{"rendered":"<p>Dyrektor:Eugeniusz Bugajtel.: 34 313 28 56e-mail: eugeniusz.bugaj@gmail.com Zast\u0119pca dyrektoraIwona Kruztel. 34 313 28 56e-mail: sp3myszkow.ikruz@gmail.com Zast\u0119pca dyrektoraKatarzyna Maro\u0144tel. 34 313 28 56e-mail: sp3myszkow.kmaron@gmail.com Metryczka \u0179r\u00f3d\u0142o informacji: Data utworzenia: Wprowadzi\u0142 do systemu: Data wprowadzenia: Ostatnia zmiana: Ilo\u015b\u0107 wy\u015bwietle\u0144: Rejestr Zmian: 8 November 2022 at 19:07 by Agnieszka Lamch (obecnie przegl?dasz) 8 November 2022 at 19:07 by &hellip; <a href=\"https:\/\/zspmyszkow3.bipmyszkow.pl\/?page_id=124\" class=\"more-link\">Continue reading <span class=\"screen-reader-text\">Dyrekcja<\/span><\/a><\/p>\n","protected":false},"author":1,"featured_media":0,"parent":0,"menu_order":0,"comment_status":"closed","ping_status":"closed","template":"","meta":{"footnotes":""},"_links":{"self":[{"href":"https:\/\/zspmyszkow3.bipmyszkow.pl\/index.php?rest_route=\/wp\/v2\/pages\/124"}],"collection":[{"href":"https:\/\/zspmyszkow3.bipmyszkow.pl\/index.php?rest_route=\/wp\/v2\/pages"}],"about":[{"href":"https:\/\/zspmyszkow3.bipmyszkow.pl\/index.php?rest_route=\/wp\/v2\/types\/page"}],"author":[{"embeddable":true,"href":"https:\/\/zspmyszkow3.bipmyszkow.pl\/index.php?rest_route=\/wp\/v2\/users\/1"}],"replies":[{"embeddable":true,"href":"https:\/\/zspmyszkow3.bipmyszkow.pl\/index.php?rest_route=%2Fwp%2Fv2%2Fcomments&post=124"}],"version-history":[{"count":5,"href":"https:\/\/zspmyszkow3.bipmyszkow.pl\/index.php?rest_route=\/wp\/v2\/pages\/124\/revisions"}],"predecessor-version":[{"id":343,"href":"https:\/\/zspmyszkow3.bipmyszkow.pl\/index.php?rest_route=\/wp\/v2\/pages\/124\/revisions\/343"}],"wp:attachment":[{"href":"https:\/\/zspmyszkow3.bipmyszkow.pl\/index.php?rest_route=%2Fwp%2Fv2%2Fmedia&parent=124"}],"curies":[{"name":"wp","href":"https:\/\/api.w.org\/{rel}","templated":true}]}}