{"id":109,"date":"2021-02-03T13:45:27","date_gmt":"2021-02-03T12:45:27","guid":{"rendered":"http:\/\/zspmyszkow3.bipmyszkow.pl\/?page_id=109"},"modified":"2021-02-03T13:45:27","modified_gmt":"2021-02-03T12:45:27","slug":"struktura-wlasnosciowa-majatek","status":"publish","type":"page","link":"https:\/\/zspmyszkow3.bipmyszkow.pl\/?page_id=109","title":{"rendered":"Struktura w\u0142asno\u015bciowa, maj\u0105tek"},"content":{"rendered":"\n<p>Szko\u0142a prowadzi gospodark\u0119 finansow\u0105 na zasadach jednostki bud\u017cetowej rozliczaj\u0105cej si\u0119 z bud\u017cetem gminy Myszk\u00f3w.<\/p>\n\n\n\n<ol><li>Powierzchnia zajmowana przez obiekt dzia\u0142ki: 1.28ha<\/li><li>Powierzchnia teren\u00f3w:<\/li><li>Rodzaj budowy i budynek frontowy:<\/li><li>Dane techniczne:<ol><li>powierzchnia zabudowy: 1300m<sup>2<\/sup><\/li><li>powierzchnia u\u017cytkowa: 5200m2<\/li><li>kubatura: 18778m3<\/li><li>ilo\u015b\u0107 kondygnacji: 4<\/li><li>rok budowy: 1951r.<\/li><li>materia\u0142 \u015bcian: ceg\u0142a<\/li><li>rodzaj strop\u00f3w: ceg\u0142a, pustak<\/li><li>pokrycie dachu: papa<\/li><li>elewacja: tynki<\/li><\/ol><\/li><\/ol>\n\n\n\n<p>Szko\u0142a nie posiada osobowo\u015bci prawnej, a za jej zobowi\u0105zania odpowiada bud\u017cet Gminy Myszk\u00f3w.<\/p>\n\n\n\n<pre class=\"wp-block-preformatted\"><strong>Metryczka<\/strong>\n\u0179r\u00f3d\u0142o informacji:  \nData utworzenia: 2021-02-03 13:45:27\nWprowadzi\u0142 do systemu:  \nData wprowadzenia: 2021-02-03 13:45:27\nOstatnia zmiana: 2021-02-03 13:45:27\nIlo\u015b\u0107 wy\u015bwietle\u0144: 146 views<\/pre>\n<div class=\"revision-history\"><strong>Rejestr Zmian:<\/strong><ul class='revision-list'><li>3 February 2021 at 12:45 by Agnieszka Lamch (<em>obecnie przegl?dasz<\/em>)<\/li><li><a href=\"?revision=110&rest_route=\/wp\/v2\/pages\/109\">3 February 2021 at 12:45<\/a> by Agnieszka Lamch<\/li><\/ul><\/div>","protected":false},"excerpt":{"rendered":"<p>Szko\u0142a prowadzi gospodark\u0119 finansow\u0105 na zasadach jednostki bud\u017cetowej rozliczaj\u0105cej si\u0119 z bud\u017cetem gminy Myszk\u00f3w. Powierzchnia zajmowana przez obiekt dzia\u0142ki: 1.28ha Powierzchnia teren\u00f3w: Rodzaj budowy i budynek frontowy: Dane techniczne: powierzchnia zabudowy: 1300m2 powierzchnia u\u017cytkowa: 5200m2 kubatura: 18778m3 ilo\u015b\u0107 kondygnacji: 4 rok budowy: 1951r. materia\u0142 \u015bcian: ceg\u0142a rodzaj strop\u00f3w: ceg\u0142a, pustak pokrycie dachu: papa elewacja: tynki &hellip; <a href=\"https:\/\/zspmyszkow3.bipmyszkow.pl\/?page_id=109\" class=\"more-link\">Continue reading <span class=\"screen-reader-text\">Struktura w\u0142asno\u015bciowa, maj\u0105tek<\/span><\/a><\/p>\n","protected":false},"author":1,"featured_media":0,"parent":0,"menu_order":0,"comment_status":"closed","ping_status":"closed","template":"","meta":{"footnotes":""},"_links":{"self":[{"href":"https:\/\/zspmyszkow3.bipmyszkow.pl\/index.php?rest_route=\/wp\/v2\/pages\/109"}],"collection":[{"href":"https:\/\/zspmyszkow3.bipmyszkow.pl\/index.php?rest_route=\/wp\/v2\/pages"}],"about":[{"href":"https:\/\/zspmyszkow3.bipmyszkow.pl\/index.php?rest_route=\/wp\/v2\/types\/page"}],"author":[{"embeddable":true,"href":"https:\/\/zspmyszkow3.bipmyszkow.pl\/index.php?rest_route=\/wp\/v2\/users\/1"}],"replies":[{"embeddable":true,"href":"https:\/\/zspmyszkow3.bipmyszkow.pl\/index.php?rest_route=%2Fwp%2Fv2%2Fcomments&post=109"}],"version-history":[{"count":1,"href":"https:\/\/zspmyszkow3.bipmyszkow.pl\/index.php?rest_route=\/wp\/v2\/pages\/109\/revisions"}],"predecessor-version":[{"id":110,"href":"https:\/\/zspmyszkow3.bipmyszkow.pl\/index.php?rest_route=\/wp\/v2\/pages\/109\/revisions\/110"}],"wp:attachment":[{"href":"https:\/\/zspmyszkow3.bipmyszkow.pl\/index.php?rest_route=%2Fwp%2Fv2%2Fmedia&parent=109"}],"curies":[{"name":"wp","href":"https:\/\/api.w.org\/{rel}","templated":true}]}}