{"id":106,"date":"2021-02-03T13:33:48","date_gmt":"2021-02-03T12:33:48","guid":{"rendered":"http:\/\/zspmyszkow3.bipmyszkow.pl\/?page_id=106"},"modified":"2023-03-15T14:22:10","modified_gmt":"2023-03-15T13:22:10","slug":"przedmiot-dzialalnosci-i-kompetencje","status":"publish","type":"page","link":"https:\/\/zspmyszkow3.bipmyszkow.pl\/?page_id=106","title":{"rendered":"Przedmiot dzia\u0142alno\u015bci i kompetencje"},"content":{"rendered":"\n<p><strong>Sposoby przyjmowania i za\u0142atwiania spraw<\/strong><\/p>\n\n\n\n<p>Dyrektor szko\u0142y<br>przyjmuje w poniedzia\u0142ki godz. 9.30 \u2013 11.00<\/p>\n\n\n\n<p>Sekretariat czynny codziennie w godz. 7.30- 15.00.<\/p>\n\n\n\n<p><strong>Kompetencje<\/strong><\/p>\n\n\n\n<ol><li>Organ Szko\u0142a Podstawowa z Oddzia\u0142ami Integracyjnymi Nr 3 im. Tadeusza Ko\u015bciuszki w Myszkowie:<\/li><\/ol>\n\n\n\n<ul><li>Dyrektor,<\/li><li>Rada Pedagogiczna,<\/li><li>Rada Rodzic\u00f3w,<\/li><li>Samorz\u0105d Uczniowski.<\/li><\/ul>\n\n\n\n<p>2. Kompetencje organ\u00f3w szko\u0142y okre\u015bla Statut Szko\u0142y<\/p>\n\n\n\n<p>3. Rada Pedagogiczna, Rada Rodzic\u00f3w oraz Samorz\u0105d Uczniowski dzia\u0142aj\u0105 na podstawie przyj\u0119tych regulamin\u00f3w:<\/p>\n\n\n\n<ul><li>Regulamin Rady Rodzic\u00f3w,<\/li><li>Regulamin Rady Pedagogicznej,<\/li><li>Regulamin Samorz\u0105du Uczniowskiego.<\/li><\/ul>\n\n\n\n<pre class=\"wp-block-preformatted\"><strong>Metryczka<\/strong>\n\u0179r\u00f3d\u0142o informacji:  \nData utworzenia: 2021-02-03 13:33:48\nWprowadzi\u0142 do systemu:  \nData wprowadzenia: 2021-02-03 13:33:48\nOstatnia zmiana: 2023-03-15 14:22:10\nIlo\u015b\u0107 wy\u015bwietle\u0144: 194 views<\/pre>\n\n\n\n<p><\/p>\n<div class=\"revision-history\"><strong>Rejestr Zmian:<\/strong><ul class='revision-list'><li>15 March 2023 at 13:22 by Agnieszka Lamch (<em>obecnie przegl?dasz<\/em>)<\/li><li><a href=\"?revision=376&rest_route=\/wp\/v2\/pages\/106\">15 March 2023 at 13:22<\/a> by Agnieszka Lamch<\/li><li><a href=\"?revision=375&rest_route=\/wp\/v2\/pages\/106\">15 March 2023 at 13:21<\/a> by Agnieszka Lamch<\/li><li><a href=\"?revision=366&rest_route=\/wp\/v2\/pages\/106\">15 March 2023 at 12:20<\/a> by Agnieszka Lamch<\/li><li><a href=\"?revision=107&rest_route=\/wp\/v2\/pages\/106\">3 February 2021 at 12:33<\/a> by Agnieszka Lamch<\/li><\/ul><\/div>","protected":false},"excerpt":{"rendered":"<p>Sposoby przyjmowania i za\u0142atwiania spraw Dyrektor szko\u0142yprzyjmuje w poniedzia\u0142ki godz. 9.30 \u2013 11.00 Sekretariat czynny codziennie w godz. 7.30- 15.00. Kompetencje Organ Szko\u0142a Podstawowa z Oddzia\u0142ami Integracyjnymi Nr 3 im. Tadeusza Ko\u015bciuszki w Myszkowie: Dyrektor, Rada Pedagogiczna, Rada Rodzic\u00f3w, Samorz\u0105d Uczniowski. 2. Kompetencje organ\u00f3w szko\u0142y okre\u015bla Statut Szko\u0142y 3. Rada Pedagogiczna, Rada Rodzic\u00f3w oraz Samorz\u0105d &hellip; <a href=\"https:\/\/zspmyszkow3.bipmyszkow.pl\/?page_id=106\" class=\"more-link\">Continue reading <span class=\"screen-reader-text\">Przedmiot dzia\u0142alno\u015bci i kompetencje<\/span><\/a><\/p>\n","protected":false},"author":1,"featured_media":0,"parent":0,"menu_order":0,"comment_status":"closed","ping_status":"closed","template":"","meta":{"footnotes":""},"_links":{"self":[{"href":"https:\/\/zspmyszkow3.bipmyszkow.pl\/index.php?rest_route=\/wp\/v2\/pages\/106"}],"collection":[{"href":"https:\/\/zspmyszkow3.bipmyszkow.pl\/index.php?rest_route=\/wp\/v2\/pages"}],"about":[{"href":"https:\/\/zspmyszkow3.bipmyszkow.pl\/index.php?rest_route=\/wp\/v2\/types\/page"}],"author":[{"embeddable":true,"href":"https:\/\/zspmyszkow3.bipmyszkow.pl\/index.php?rest_route=\/wp\/v2\/users\/1"}],"replies":[{"embeddable":true,"href":"https:\/\/zspmyszkow3.bipmyszkow.pl\/index.php?rest_route=%2Fwp%2Fv2%2Fcomments&post=106"}],"version-history":[{"count":4,"href":"https:\/\/zspmyszkow3.bipmyszkow.pl\/index.php?rest_route=\/wp\/v2\/pages\/106\/revisions"}],"predecessor-version":[{"id":376,"href":"https:\/\/zspmyszkow3.bipmyszkow.pl\/index.php?rest_route=\/wp\/v2\/pages\/106\/revisions\/376"}],"wp:attachment":[{"href":"https:\/\/zspmyszkow3.bipmyszkow.pl\/index.php?rest_route=%2Fwp%2Fv2%2Fmedia&parent=106"}],"curies":[{"name":"wp","href":"https:\/\/api.w.org\/{rel}","templated":true}]}}