{"id":102,"date":"2021-02-03T10:12:55","date_gmt":"2021-02-03T09:12:55","guid":{"rendered":"http:\/\/zspmyszkow3.bipmyszkow.pl\/?page_id=102"},"modified":"2023-03-15T14:21:06","modified_gmt":"2023-03-15T13:21:06","slug":"status-prawny","status":"publish","type":"page","link":"https:\/\/zspmyszkow3.bipmyszkow.pl\/?page_id=102","title":{"rendered":"Status Prawny"},"content":{"rendered":"\n<p><a href=\"https:\/\/zspmyszkow3.bipmyszkow.pl\/\"><strong>Szko\u0142a Podstawowa z Oddzia\u0142ami Integracyjnymi Nr 3 im. Tadeusza Ko\u015bciuszki w Myszkowie<\/strong><\/a><\/p>\n\n\n\n<ul><li>Ustawy o systemie o\u015bwiaty z dnia 7 wrze\u015bnia 1991 r. (Dz. U. z 2016 r. poz. 1943, 1954, 1985 i 2169 oraz z 2017 r. poz. 60, 949 i 1292),<\/li><li>Ustawy z dnia 14 grudnia 2016 r. \u2013 Przepisy wprowadzaj\u0105ce ustaw\u0119 Prawo o\u015bwiatowe (Dz. U. z 2017 r. poz. 60),<\/li><li>Ustawy Prawo o\u015bwiatowe z dnia 14 grudnia 2016 r. (Dz. U. z 2017 r. poz. 59 i 949),<\/li><li>Aktu za\u0142o\u017cycielskiego,<\/li><li>Statutu Szko\u0142y.<\/li><\/ul>\n\n\n\n<p><\/p>\n\n\n\n<p><strong>Nadz\u00f3r pedagogiczny<\/strong>&nbsp;nad plac\u00f3wk\u0105 sprawuje&nbsp;<strong>\u015al\u0105ski Kurator O\u015bwiaty.<\/strong><\/p>\n\n\n\n<p><strong>Organem prowadz\u0105cym<\/strong>&nbsp;dla plac\u00f3wki jest&nbsp;<strong>Gmina Myszk\u00f3w.<\/strong><\/p>\n\n\n\n<pre class=\"wp-block-preformatted\"><strong>Metryczka<\/strong>\n\u0179r\u00f3d\u0142o informacji:  \nData utworzenia: 2021-02-03 10:12:55\nWprowadzi\u0142 do systemu:  \nData wprowadzenia: 2021-02-03 10:12:55\nOstatnia zmiana: 2023-03-15 14:21:06\nIlo\u015b\u0107 wy\u015bwietle\u0144: 213 views<\/pre>\n<div class=\"revision-history\"><strong>Rejestr Zmian:<\/strong><ul class='revision-list'><li>15 March 2023 at 13:21 by Agnieszka Lamch (<em>obecnie przegl?dasz<\/em>)<\/li><li><a href=\"?revision=374&rest_route=\/wp\/v2\/pages\/102\">15 March 2023 at 13:21<\/a> by Agnieszka Lamch<\/li><li><a href=\"?revision=104&rest_route=\/wp\/v2\/pages\/102\">3 February 2021 at 09:13<\/a> by Agnieszka Lamch<\/li><li><a href=\"?revision=103&rest_route=\/wp\/v2\/pages\/102\">3 February 2021 at 09:12<\/a> by Agnieszka Lamch<\/li><\/ul><\/div>","protected":false},"excerpt":{"rendered":"<p>Szko\u0142a Podstawowa z Oddzia\u0142ami Integracyjnymi Nr 3 im. Tadeusza Ko\u015bciuszki w Myszkowie Ustawy o systemie o\u015bwiaty z dnia 7 wrze\u015bnia 1991 r. (Dz. U. z 2016 r. poz. 1943, 1954, 1985 i 2169 oraz z 2017 r. poz. 60, 949 i 1292), Ustawy z dnia 14 grudnia 2016 r. \u2013 Przepisy wprowadzaj\u0105ce ustaw\u0119 Prawo o\u015bwiatowe &hellip; <a href=\"https:\/\/zspmyszkow3.bipmyszkow.pl\/?page_id=102\" class=\"more-link\">Continue reading <span class=\"screen-reader-text\">Status Prawny<\/span><\/a><\/p>\n","protected":false},"author":1,"featured_media":0,"parent":0,"menu_order":0,"comment_status":"closed","ping_status":"closed","template":"","meta":{"footnotes":""},"_links":{"self":[{"href":"https:\/\/zspmyszkow3.bipmyszkow.pl\/index.php?rest_route=\/wp\/v2\/pages\/102"}],"collection":[{"href":"https:\/\/zspmyszkow3.bipmyszkow.pl\/index.php?rest_route=\/wp\/v2\/pages"}],"about":[{"href":"https:\/\/zspmyszkow3.bipmyszkow.pl\/index.php?rest_route=\/wp\/v2\/types\/page"}],"author":[{"embeddable":true,"href":"https:\/\/zspmyszkow3.bipmyszkow.pl\/index.php?rest_route=\/wp\/v2\/users\/1"}],"replies":[{"embeddable":true,"href":"https:\/\/zspmyszkow3.bipmyszkow.pl\/index.php?rest_route=%2Fwp%2Fv2%2Fcomments&post=102"}],"version-history":[{"count":3,"href":"https:\/\/zspmyszkow3.bipmyszkow.pl\/index.php?rest_route=\/wp\/v2\/pages\/102\/revisions"}],"predecessor-version":[{"id":374,"href":"https:\/\/zspmyszkow3.bipmyszkow.pl\/index.php?rest_route=\/wp\/v2\/pages\/102\/revisions\/374"}],"wp:attachment":[{"href":"https:\/\/zspmyszkow3.bipmyszkow.pl\/index.php?rest_route=%2Fwp%2Fv2%2Fmedia&parent=102"}],"curies":[{"name":"wp","href":"https:\/\/api.w.org\/{rel}","templated":true}]}}